{"id":2206,"date":"2023-04-29T10:12:38","date_gmt":"2023-04-29T08:12:38","guid":{"rendered":"https:\/\/tnssports.de\/allstars\/?page_id=2206"},"modified":"2026-01-15T11:30:28","modified_gmt":"2026-01-15T10:30:28","slug":"uwe-bracht-ehrenteller","status":"publish","type":"page","link":"https:\/\/tnssports.de\/allstars\/uwe-bracht-ehrenteller\/","title":{"rendered":"Uwe Bracht Ehrenteller"},"content":{"rendered":"\t\t<div data-elementor-type=\"wp-page\" data-elementor-id=\"2206\" class=\"elementor elementor-2206\">\n\t\t\t\t\t\t\t\t\t<section class=\"elementor-section elementor-top-section elementor-element elementor-element-245e9d27 elementor-section-content-middle elementor-section-boxed elementor-section-height-default elementor-section-height-default\" data-id=\"245e9d27\" data-element_type=\"section\">\n\t\t\t\t\t\t<div class=\"elementor-container elementor-column-gap-default\">\n\t\t\t\t\t<div class=\"elementor-column elementor-col-50 elementor-top-column elementor-element elementor-element-33f87baf\" data-id=\"33f87baf\" data-element_type=\"column\">\n\t\t\t<div class=\"elementor-widget-wrap elementor-element-populated\">\n\t\t\t\t\t\t\t\t<div class=\"elementor-element elementor-element-433739f0 elementor-widget elementor-widget-image\" data-id=\"433739f0\" data-element_type=\"widget\" data-widget_type=\"image.default\">\n\t\t\t\t<div class=\"elementor-widget-container\">\n\t\t\t<style>\/*! elementor - v3.18.0 - 08-12-2023 *\/\n.elementor-widget-image{text-align:center}.elementor-widget-image a{display:inline-block}.elementor-widget-image a img[src$=\".svg\"]{width:48px}.elementor-widget-image img{vertical-align:middle;display:inline-block}<\/style>\t\t\t\t\t\t\t\t\t\t\t\t<img fetchpriority=\"high\" decoding=\"async\" width=\"565\" height=\"561\" src=\"https:\/\/tnssports.de\/allstars\/wp-content\/uploads\/2023\/04\/der-uwe-bracht-ehrenteller.png\" class=\"attachment-large size-large wp-image-2215\" alt=\"\" srcset=\"https:\/\/tnssports.de\/allstars\/wp-content\/uploads\/2023\/04\/der-uwe-bracht-ehrenteller.png 565w, https:\/\/tnssports.de\/allstars\/wp-content\/uploads\/2023\/04\/der-uwe-bracht-ehrenteller-300x298.png 300w, https:\/\/tnssports.de\/allstars\/wp-content\/uploads\/2023\/04\/der-uwe-bracht-ehrenteller-150x150.png 150w, https:\/\/tnssports.de\/allstars\/wp-content\/uploads\/2023\/04\/der-uwe-bracht-ehrenteller-100x100.png 100w\" sizes=\"(max-width: 565px) 100vw, 565px\" \/>\t\t\t\t\t\t\t\t\t\t\t\t\t\t\t<\/div>\n\t\t\t\t<\/div>\n\t\t\t\t\t<\/div>\n\t\t<\/div>\n\t\t\t\t<div class=\"elementor-column elementor-col-50 elementor-top-column elementor-element elementor-element-3c33a61\" data-id=\"3c33a61\" data-element_type=\"column\">\n\t\t\t<div class=\"elementor-widget-wrap elementor-element-populated\">\n\t\t\t\t\t\t\t\t<div class=\"elementor-element elementor-element-52948f48 elementor-widget elementor-widget-heading\" data-id=\"52948f48\" data-element_type=\"widget\" data-widget_type=\"heading.default\">\n\t\t\t\t<div class=\"elementor-widget-container\">\n\t\t\t<style>\/*! elementor - v3.18.0 - 08-12-2023 *\/\n.elementor-heading-title{padding:0;margin:0;line-height:1}.elementor-widget-heading .elementor-heading-title[class*=elementor-size-]>a{color:inherit;font-size:inherit;line-height:inherit}.elementor-widget-heading .elementor-heading-title.elementor-size-small{font-size:15px}.elementor-widget-heading .elementor-heading-title.elementor-size-medium{font-size:19px}.elementor-widget-heading .elementor-heading-title.elementor-size-large{font-size:29px}.elementor-widget-heading .elementor-heading-title.elementor-size-xl{font-size:39px}.elementor-widget-heading .elementor-heading-title.elementor-size-xxl{font-size:59px}<\/style><h5 class=\"elementor-heading-title elementor-size-default\">In Erinnerung an<\/h5>\t\t<\/div>\n\t\t\t\t<\/div>\n\t\t\t\t<div class=\"elementor-element elementor-element-72910051 elementor-widget elementor-widget-heading\" data-id=\"72910051\" data-element_type=\"widget\" data-widget_type=\"heading.default\">\n\t\t\t\t<div class=\"elementor-widget-container\">\n\t\t\t<h2 class=\"elementor-heading-title elementor-size-default\">Uwe Bracht<\/h2>\t\t<\/div>\n\t\t\t\t<\/div>\n\t\t\t\t<div class=\"elementor-element elementor-element-78025946 elementor-widget elementor-widget-text-editor\" data-id=\"78025946\" data-element_type=\"widget\" data-widget_type=\"text-editor.default\">\n\t\t\t\t<div class=\"elementor-widget-container\">\n\t\t\t<style>\/*! elementor - v3.18.0 - 08-12-2023 *\/\n.elementor-widget-text-editor.elementor-drop-cap-view-stacked .elementor-drop-cap{background-color:#69727d;color:#fff}.elementor-widget-text-editor.elementor-drop-cap-view-framed .elementor-drop-cap{color:#69727d;border:3px solid;background-color:transparent}.elementor-widget-text-editor:not(.elementor-drop-cap-view-default) .elementor-drop-cap{margin-top:8px}.elementor-widget-text-editor:not(.elementor-drop-cap-view-default) .elementor-drop-cap-letter{width:1em;height:1em}.elementor-widget-text-editor .elementor-drop-cap{float:left;text-align:center;line-height:1;font-size:50px}.elementor-widget-text-editor .elementor-drop-cap-letter{display:inline-block}<\/style>\t\t\t\t<p>Mit dem All-Star-Game wird das Andenken an Uwe Bracht lebendig gehalten. Das Gewinnerteam verewigt sich auf dem silbernen Uwe-Bracht-Ehrenteller, der an den 2016 verstorbenen Werder-Bremen-Profi erinnert, der sich viele Jahre lang f\u00fcr den Fu\u00dfball in Flensburg engagierte.<\/p>\n<div class=\"\">\n<div class=\"block group max-h-full opacity-1 duration-[400ms] transition-all overflow-hidden md:mx-auto w-full md:bg-none lg:opacity-1\">\n<div class=\"w-full md:max-w-2xl md:gap-6 lg:max-w-2xl xl:max-w-[45.625rem] relative text-xbase px-4 mx-auto prose mt-spacing-md dark:prose-invert font-sans\">\n<div class=\"prose font-normal dark:prose-invert text-base md:text-size-sm flex-1 md:leading-line-height-sm text-text-paragraph text-base\">\n<p>\u201eAls ich 2012 zum Flensburger Fu\u00dfball kam, waren Uwe Bracht und Lars Meyer die ersten Trainer, die ich kennenlernen durfte\u201c, erinnert sich Michael Schulze, Herausgeber von TNS SPORTS, an die gemeinsame Zeit bei Flensburg 08. \u201eViele der Spieler, die wir bei den All-Star-Games gesehen haben, wurden in ihrer Jugend von Uwe Bracht trainiert.\u201c<\/p>\n<p>Sein Sohn Luca Bracht, ebenfalls Mitglied im Allstars-Kader, \u00fcberreichte bereits mehrmals den Ehrenteller an die siegreiche Mannschaft.<\/p>\n<\/div>\n<\/div>\n<\/div>\n<\/div>\t\t\t\t\t\t<\/div>\n\t\t\t\t<\/div>\n\t\t\t\t\t<\/div>\n\t\t<\/div>\n\t\t\t\t\t\t\t<\/div>\n\t\t<\/section>\n\t\t\t\t<section class=\"elementor-section elementor-top-section elementor-element elementor-element-fd5ad77 elementor-section-boxed elementor-section-height-default elementor-section-height-default\" data-id=\"fd5ad77\" data-element_type=\"section\">\n\t\t\t\t\t\t<div class=\"elementor-container elementor-column-gap-default\">\n\t\t\t\t\t<div class=\"elementor-column elementor-col-100 elementor-top-column elementor-element elementor-element-d2ea472\" data-id=\"d2ea472\" data-element_type=\"column\">\n\t\t\t<div class=\"elementor-widget-wrap elementor-element-populated\">\n\t\t\t\t\t\t\t\t<div class=\"elementor-element elementor-element-55ab794 elementor-view-default elementor-position-top elementor-mobile-position-top elementor-widget elementor-widget-icon-box\" data-id=\"55ab794\" data-element_type=\"widget\" data-widget_type=\"icon-box.default\">\n\t\t\t\t<div class=\"elementor-widget-container\">\n\t\t\t<link rel=\"stylesheet\" href=\"https:\/\/tnssports.de\/allstars\/wp-content\/plugins\/elementor\/assets\/css\/widget-icon-box.min.css\">\t\t<div class=\"elementor-icon-box-wrapper\">\n\t\t\t\t\t\t<div class=\"elementor-icon-box-icon\">\n\t\t\t\t<span  class=\"elementor-icon elementor-animation-\">\n\t\t\t\t<i aria-hidden=\"true\" class=\"fas fa-star\"><\/i>\t\t\t\t<\/span>\n\t\t\t<\/div>\n\t\t\t\t\t\t<div class=\"elementor-icon-box-content\">\n\t\t\t\t<h3 class=\"elementor-icon-box-title\">\n\t\t\t\t\t<span  >\n\t\t\t\t\t\tSiegerliste\t\t\t\t\t<\/span>\n\t\t\t\t<\/h3>\n\t\t\t\t\t\t\t\t\t<p class=\"elementor-icon-box-description\">\n\t\t\t\t\t\t\u00dcbersicht der Gewinner des Uwe Bracht Ehrentellers\t\t\t\t\t<\/p>\n\t\t\t\t\t\t\t<\/div>\n\t\t<\/div>\n\t\t\t\t<\/div>\n\t\t\t\t<\/div>\n\t\t\t\t<div class=\"elementor-element elementor-element-69afaca elementor-widget elementor-widget-testimonial\" data-id=\"69afaca\" data-element_type=\"widget\" data-widget_type=\"testimonial.default\">\n\t\t\t\t<div class=\"elementor-widget-container\">\n\t\t\t<style>\/*! elementor - v3.18.0 - 08-12-2023 *\/\n.elementor-testimonial-wrapper{overflow:hidden;text-align:center}.elementor-testimonial-wrapper .elementor-testimonial-content{font-size:1.3em;margin-bottom:20px}.elementor-testimonial-wrapper .elementor-testimonial-name{line-height:1.5;display:block}.elementor-testimonial-wrapper .elementor-testimonial-job{font-size:.85em;display:block}.elementor-testimonial-wrapper .elementor-testimonial-meta{width:100%;line-height:1}.elementor-testimonial-wrapper .elementor-testimonial-meta-inner{display:inline-block}.elementor-testimonial-wrapper .elementor-testimonial-meta .elementor-testimonial-details,.elementor-testimonial-wrapper .elementor-testimonial-meta .elementor-testimonial-image{display:table-cell;vertical-align:middle}.elementor-testimonial-wrapper .elementor-testimonial-meta .elementor-testimonial-image img{width:60px;height:60px;border-radius:50%;-o-object-fit:cover;object-fit:cover;max-width:none}.elementor-testimonial-wrapper .elementor-testimonial-meta.elementor-testimonial-image-position-aside .elementor-testimonial-image{padding-right:15px}.elementor-testimonial-wrapper .elementor-testimonial-meta.elementor-testimonial-image-position-aside .elementor-testimonial-details{text-align:left}.elementor-testimonial-wrapper .elementor-testimonial-meta.elementor-testimonial-image-position-top .elementor-testimonial-details,.elementor-testimonial-wrapper .elementor-testimonial-meta.elementor-testimonial-image-position-top .elementor-testimonial-image{display:block}.elementor-testimonial-wrapper .elementor-testimonial-meta.elementor-testimonial-image-position-top .elementor-testimonial-image{margin-bottom:20px}<\/style>\t\t<div class=\"elementor-testimonial-wrapper\">\n\t\t\t\t\t\t\t<div class=\"elementor-testimonial-content\">2025<\/div>\n\t\t\t\n\t\t\t\t\t\t<div class=\"elementor-testimonial-meta elementor-has-image elementor-testimonial-image-position-aside\">\n\t\t\t\t<div class=\"elementor-testimonial-meta-inner\">\n\t\t\t\t\t\t\t\t\t\t\t<div class=\"elementor-testimonial-image\">\n\t\t\t\t\t\t\t<img decoding=\"async\" width=\"359\" height=\"242\" src=\"https:\/\/tnssports.de\/allstars\/wp-content\/uploads\/2025\/03\/tnssports-allstars.png\" class=\"attachment-full size-full wp-image-4762\" alt=\"\" srcset=\"https:\/\/tnssports.de\/allstars\/wp-content\/uploads\/2025\/03\/tnssports-allstars.png 359w, https:\/\/tnssports.de\/allstars\/wp-content\/uploads\/2025\/03\/tnssports-allstars-300x202.png 300w\" sizes=\"(max-width: 359px) 100vw, 359px\" \/>\t\t\t\t\t\t<\/div>\n\t\t\t\t\t\n\t\t\t\t\t\t\t\t\t\t<div class=\"elementor-testimonial-details\">\n\t\t\t\t\t\t\t\t\t\t\t\t\t\t<div class=\"elementor-testimonial-name\">TNS SPORTS Allstars <\/div>\n\t\t\t\t\t\t\t\t\t\t\t\t\t\t\t\t\t\t\t\t\t\t<div class=\"elementor-testimonial-job\">Auswahlmannschaft<\/div>\n\t\t\t\t\t\t\t\t\t\t\t\t\t<\/div>\n\t\t\t\t\t\t\t\t\t<\/div>\n\t\t\t<\/div>\n\t\t\t\t\t<\/div>\n\t\t\t\t<\/div>\n\t\t\t\t<\/div>\n\t\t\t\t<div class=\"elementor-element elementor-element-9bace4a elementor-widget elementor-widget-testimonial\" data-id=\"9bace4a\" data-element_type=\"widget\" data-widget_type=\"testimonial.default\">\n\t\t\t\t<div class=\"elementor-widget-container\">\n\t\t\t\t\t<div class=\"elementor-testimonial-wrapper\">\n\t\t\t\t\t\t\t<div class=\"elementor-testimonial-content\">2024<\/div>\n\t\t\t\n\t\t\t\t\t\t<div class=\"elementor-testimonial-meta elementor-has-image elementor-testimonial-image-position-aside\">\n\t\t\t\t<div class=\"elementor-testimonial-meta-inner\">\n\t\t\t\t\t\t\t\t\t\t\t<div class=\"elementor-testimonial-image\">\n\t\t\t\t\t\t\t<img decoding=\"async\" width=\"125\" height=\"125\" src=\"https:\/\/tnssports.de\/allstars\/wp-content\/uploads\/2024\/11\/logo-sdu.png\" class=\"attachment-full size-full wp-image-4034\" alt=\"\" srcset=\"https:\/\/tnssports.de\/allstars\/wp-content\/uploads\/2024\/11\/logo-sdu.png 125w, https:\/\/tnssports.de\/allstars\/wp-content\/uploads\/2024\/11\/logo-sdu-100x100.png 100w\" sizes=\"(max-width: 125px) 100vw, 125px\" \/>\t\t\t\t\t\t<\/div>\n\t\t\t\t\t\n\t\t\t\t\t\t\t\t\t\t<div class=\"elementor-testimonial-details\">\n\t\t\t\t\t\t\t\t\t\t\t\t\t\t<div class=\"elementor-testimonial-name\">Sydslesvig Landshold<\/div>\n\t\t\t\t\t\t\t\t\t\t\t\t\t\t\t\t\t\t\t\t\t\t<div class=\"elementor-testimonial-job\">Auswahlmannschaft<\/div>\n\t\t\t\t\t\t\t\t\t\t\t\t\t<\/div>\n\t\t\t\t\t\t\t\t\t<\/div>\n\t\t\t<\/div>\n\t\t\t\t\t<\/div>\n\t\t\t\t<\/div>\n\t\t\t\t<\/div>\n\t\t\t\t<div class=\"elementor-element elementor-element-44c3349 elementor-widget elementor-widget-testimonial\" data-id=\"44c3349\" data-element_type=\"widget\" data-widget_type=\"testimonial.default\">\n\t\t\t\t<div class=\"elementor-widget-container\">\n\t\t\t\t\t<div class=\"elementor-testimonial-wrapper\">\n\t\t\t\t\t\t\t<div class=\"elementor-testimonial-content\">2023<\/div>\n\t\t\t\n\t\t\t\t\t\t<div class=\"elementor-testimonial-meta elementor-has-image elementor-testimonial-image-position-aside\">\n\t\t\t\t<div class=\"elementor-testimonial-meta-inner\">\n\t\t\t\t\t\t\t\t\t\t\t<div class=\"elementor-testimonial-image\">\n\t\t\t\t\t\t\t<img loading=\"lazy\" decoding=\"async\" width=\"125\" height=\"130\" src=\"https:\/\/tnssports.de\/allstars\/wp-content\/uploads\/2023\/02\/if_stjernen_liga.png\" class=\"attachment-full size-full wp-image-1242\" alt=\"\" \/>\t\t\t\t\t\t<\/div>\n\t\t\t\t\t\n\t\t\t\t\t\t\t\t\t\t<div class=\"elementor-testimonial-details\">\n\t\t\t\t\t\t\t\t\t\t\t\t\t\t<div class=\"elementor-testimonial-name\">IF Stjernen Flensborg<\/div>\n\t\t\t\t\t\t\t\t\t\t\t\t\t\t\t\t\t\t\t\t\t\t<div class=\"elementor-testimonial-job\">Landesliga Schleswig<\/div>\n\t\t\t\t\t\t\t\t\t\t\t\t\t<\/div>\n\t\t\t\t\t\t\t\t\t<\/div>\n\t\t\t<\/div>\n\t\t\t\t\t<\/div>\n\t\t\t\t<\/div>\n\t\t\t\t<\/div>\n\t\t\t\t<div class=\"elementor-element elementor-element-c31965e elementor-widget-divider--view-line elementor-widget elementor-widget-divider\" data-id=\"c31965e\" data-element_type=\"widget\" data-widget_type=\"divider.default\">\n\t\t\t\t<div class=\"elementor-widget-container\">\n\t\t\t<style>\/*! elementor - v3.18.0 - 08-12-2023 *\/\n.elementor-widget-divider{--divider-border-style:none;--divider-border-width:1px;--divider-color:#0c0d0e;--divider-icon-size:20px;--divider-element-spacing:10px;--divider-pattern-height:24px;--divider-pattern-size:20px;--divider-pattern-url:none;--divider-pattern-repeat:repeat-x}.elementor-widget-divider .elementor-divider{display:flex}.elementor-widget-divider .elementor-divider__text{font-size:15px;line-height:1;max-width:95%}.elementor-widget-divider .elementor-divider__element{margin:0 var(--divider-element-spacing);flex-shrink:0}.elementor-widget-divider .elementor-icon{font-size:var(--divider-icon-size)}.elementor-widget-divider .elementor-divider-separator{display:flex;margin:0;direction:ltr}.elementor-widget-divider--view-line_icon .elementor-divider-separator,.elementor-widget-divider--view-line_text .elementor-divider-separator{align-items:center}.elementor-widget-divider--view-line_icon .elementor-divider-separator:after,.elementor-widget-divider--view-line_icon .elementor-divider-separator:before,.elementor-widget-divider--view-line_text .elementor-divider-separator:after,.elementor-widget-divider--view-line_text .elementor-divider-separator:before{display:block;content:\"\";border-bottom:0;flex-grow:1;border-top:var(--divider-border-width) var(--divider-border-style) var(--divider-color)}.elementor-widget-divider--element-align-left .elementor-divider .elementor-divider-separator>.elementor-divider__svg:first-of-type{flex-grow:0;flex-shrink:100}.elementor-widget-divider--element-align-left .elementor-divider-separator:before{content:none}.elementor-widget-divider--element-align-left .elementor-divider__element{margin-left:0}.elementor-widget-divider--element-align-right .elementor-divider .elementor-divider-separator>.elementor-divider__svg:last-of-type{flex-grow:0;flex-shrink:100}.elementor-widget-divider--element-align-right .elementor-divider-separator:after{content:none}.elementor-widget-divider--element-align-right .elementor-divider__element{margin-right:0}.elementor-widget-divider:not(.elementor-widget-divider--view-line_text):not(.elementor-widget-divider--view-line_icon) .elementor-divider-separator{border-top:var(--divider-border-width) var(--divider-border-style) var(--divider-color)}.elementor-widget-divider--separator-type-pattern{--divider-border-style:none}.elementor-widget-divider--separator-type-pattern.elementor-widget-divider--view-line .elementor-divider-separator,.elementor-widget-divider--separator-type-pattern:not(.elementor-widget-divider--view-line) .elementor-divider-separator:after,.elementor-widget-divider--separator-type-pattern:not(.elementor-widget-divider--view-line) .elementor-divider-separator:before,.elementor-widget-divider--separator-type-pattern:not([class*=elementor-widget-divider--view]) .elementor-divider-separator{width:100%;min-height:var(--divider-pattern-height);-webkit-mask-size:var(--divider-pattern-size) 100%;mask-size:var(--divider-pattern-size) 100%;-webkit-mask-repeat:var(--divider-pattern-repeat);mask-repeat:var(--divider-pattern-repeat);background-color:var(--divider-color);-webkit-mask-image:var(--divider-pattern-url);mask-image:var(--divider-pattern-url)}.elementor-widget-divider--no-spacing{--divider-pattern-size:auto}.elementor-widget-divider--bg-round{--divider-pattern-repeat:round}.rtl .elementor-widget-divider .elementor-divider__text{direction:rtl}.e-con-inner>.elementor-widget-divider,.e-con>.elementor-widget-divider{width:var(--container-widget-width,100%);--flex-grow:var(--container-widget-flex-grow)}<\/style>\t\t<div class=\"elementor-divider\">\n\t\t\t<span class=\"elementor-divider-separator\">\n\t\t\t\t\t\t<\/span>\n\t\t<\/div>\n\t\t\t\t<\/div>\n\t\t\t\t<\/div>\n\t\t\t\t<div class=\"elementor-element elementor-element-4bc7a9d elementor-widget elementor-widget-text-editor\" data-id=\"4bc7a9d\" data-element_type=\"widget\" data-widget_type=\"text-editor.default\">\n\t\t\t\t<div class=\"elementor-widget-container\">\n\t\t\t\t\t\t\t<h1 style=\"text-align: left;\"><strong>In Erinnerung an Uwe Bracht<\/strong><\/h1><p>Uwe Bracht, der am 11. November 2016 viel zu fr\u00fch verstarb, kam auf 272 Bundesligaeins\u00e4tze f\u00fcr den SV Werder Bremen und galt in seiner Profikarriere als \u201egenialer Linksfu\u00df\u201c. Nach dem Ende seiner Laufbahn kam er 1993 nach Flensburg und engagierte sich auch hier f\u00fcr den Fu\u00dfball. Unter anderem war er im Jugendbereich von DGF Flensborg, Flensburg 08 und bis zuletzt bei den Herren- und Jugendmannschaften von IF Stjernen Flensborg aktiv.<\/p><h3 style=\"text-align: left;\"><strong>Die C-Jugend von Flensburg 08 zur Meisterschaft gef\u00fchrt<\/strong><\/h3><p>\u201eAls ich 2012 den Weg zum Flensburger Fu\u00dfball fand, durfte ich Uwe als Trainer der damaligen C-Jugend von Flensburg 08 kennenlernen, die er zusammen mit Lars Meyer in der Saison 2012\/13 zur Meisterschaft f\u00fchrte. Uwe und Lars waren die ersten Trainer, die ich in Flensburg kennenlernte \u2013 samt Familie\u201c, erinnert sich TNS SPORTS Herausgeber Michael Schulze noch sehr gut an ihre erste Begegnung.<\/p><div id=\"attachment_4629\" style=\"width: 810px\" class=\"wp-caption alignright\"><a href=\"https:\/\/tnssports.de\/allstars\/wp-content\/uploads\/2022\/08\/flensburg08-c-jugend-2012.jpg\"><img loading=\"lazy\" decoding=\"async\" aria-describedby=\"caption-attachment-4629\" class=\"wp-image-4629 size-full\" src=\"https:\/\/tnssports.de\/allstars\/wp-content\/uploads\/2022\/08\/flensburg08-c-jugend-2012.jpg\" alt=\"\" width=\"800\" height=\"472\" srcset=\"https:\/\/tnssports.de\/allstars\/wp-content\/uploads\/2022\/08\/flensburg08-c-jugend-2012.jpg 800w, https:\/\/tnssports.de\/allstars\/wp-content\/uploads\/2022\/08\/flensburg08-c-jugend-2012-300x177.jpg 300w, https:\/\/tnssports.de\/allstars\/wp-content\/uploads\/2022\/08\/flensburg08-c-jugend-2012-768x453.jpg 768w, https:\/\/tnssports.de\/allstars\/wp-content\/uploads\/2022\/08\/flensburg08-c-jugend-2012-600x354.jpg 600w\" sizes=\"(max-width: 800px) 100vw, 800px\" \/><\/a><p id=\"caption-attachment-4629\" class=\"wp-caption-text\">Die C-Jugend von Flensburg 08 2012\/13 mit den Trainern Lars Meyer und Uwe Bracht zusammen mit Michael Schulze. Mit Julian Nehrenst, Noah Brieskorn, Jonathan Siebenschuh und Luca Bracht gehen vier Allstars aus dieser Mannschaft hervor. Foto: Privat<\/p><\/div><p>Aus dieser Mannschaft gingen einige Talente hervor, die heute aus dem Herrenbereich nicht mehr wegzudenken sind. So haben es aus dieser Mannschaft von 2012 mit Julian Nehrenst, Noah Brieskorn, Jonathan Siebenschuh und nat\u00fcrlich Luca Bracht gleich vier Spieler in das TNS Sports Allstar-Team geschafft.\u00a0 Viele andere Spieler, die es in den Kader geschafft haben, wurden ebenfalls von Uwe in der Jugend trainiert und haben eine Verbindung zu ihm.\u00a0<\/p><p>\u201eZwar ist unser Event nur ein kleines Benefizspiel, dennoch haben wir uns \u00fcberlegt, diesen Anlass zu nutzen, um an Uwe und sein Wirken im Fu\u00dfball zu erinnern. So werden die Siegermannschaften auf dem silbernen \u201eUwe Bracht Ehrenteller\u201c ihren Platz finden und eingraviert.\u201c\u00a0<\/p>\t\t\t\t\t\t<\/div>\n\t\t\t\t<\/div>\n\t\t\t\t\t<\/div>\n\t\t<\/div>\n\t\t\t\t\t\t\t<\/div>\n\t\t<\/section>\n\t\t\t\t\t\t\t<\/div>\n\t\t","protected":false},"excerpt":{"rendered":"<p>In Erinnerung an Uwe Bracht Mit dem All-Star-Game wird das Andenken an Uwe Bracht lebendig gehalten. Das Gewinnerteam verewigt sich auf dem silbernen Uwe-Bracht-Ehrenteller, der an den 2016 verstorbenen Werder-Bremen-Profi erinnert, der sich viele Jahre lang f\u00fcr den Fu\u00dfball in Flensburg engagierte. \u201eAls ich 2012 zum Flensburger Fu\u00dfball kam, waren Uwe Bracht und Lars Meyer [&hellip;]<\/p>\n","protected":false},"author":2,"featured_media":0,"parent":0,"menu_order":0,"comment_status":"closed","ping_status":"closed","template":"","meta":{"_monsterinsights_skip_tracking":false,"_monsterinsights_sitenote_active":false,"_monsterinsights_sitenote_note":"","_monsterinsights_sitenote_category":0,"footnotes":""},"class_list":["post-2206","page","type-page","status-publish","hentry"],"_links":{"self":[{"href":"https:\/\/tnssports.de\/allstars\/wp-json\/wp\/v2\/pages\/2206","targetHints":{"allow":["GET"]}}],"collection":[{"href":"https:\/\/tnssports.de\/allstars\/wp-json\/wp\/v2\/pages"}],"about":[{"href":"https:\/\/tnssports.de\/allstars\/wp-json\/wp\/v2\/types\/page"}],"author":[{"embeddable":true,"href":"https:\/\/tnssports.de\/allstars\/wp-json\/wp\/v2\/users\/2"}],"replies":[{"embeddable":true,"href":"https:\/\/tnssports.de\/allstars\/wp-json\/wp\/v2\/comments?post=2206"}],"version-history":[{"count":74,"href":"https:\/\/tnssports.de\/allstars\/wp-json\/wp\/v2\/pages\/2206\/revisions"}],"predecessor-version":[{"id":5507,"href":"https:\/\/tnssports.de\/allstars\/wp-json\/wp\/v2\/pages\/2206\/revisions\/5507"}],"wp:attachment":[{"href":"https:\/\/tnssports.de\/allstars\/wp-json\/wp\/v2\/media?parent=2206"}],"curies":[{"name":"wp","href":"https:\/\/api.w.org\/{rel}","templated":true}]}}